{"id":651,"date":"2014-09-30T18:29:53","date_gmt":"2014-09-30T16:29:53","guid":{"rendered":"http:\/\/propagande.noblogs.org\/?page_id=651"},"modified":"2014-09-30T18:32:52","modified_gmt":"2014-09-30T16:32:52","slug":"cat-presentacio","status":"publish","type":"page","link":"https:\/\/propagande.noblogs.org\/?page_id=651","title":{"rendered":"[cat] Presentaci\u00f3"},"content":{"rendered":"<p>Aquest bloc va n\u00e9ixer el gener del 2013. T\u00e9 per objectiu proposar i acollir material de propaganda ; en aquest cas, cartells i pegatines amb la finalitat de participar a la propagaci\u00f3 de teories i pr\u00e0ctiques d&rsquo;influ\u00e8ncia antiautorit\u00e0ria (aut\u00f2nomes, anarquistes i comunistes) aixi com a la difusi\u00f3 de les lluites en que estan implicades les persones i els grups que s&rsquo;organitzen en elles.<\/p>\n<p>All\u00f2 que es vol afavorir \u00e9s la difusi\u00f3 d&rsquo;idees i la relaci\u00f3 entre individus y col\u00b7lectius per als quals una revoluci\u00f3 social \u00e9s desitjable i\/o necess\u00e0ria. Una revoluci\u00f3 social que es tradu\u00efria per l&rsquo;abolici\u00f3 de la relaci\u00f3 social capitalista, de la dominaci\u00f3 masculina, per la lluita contra les instituc\u00edons  i totes les formes d&rsquo;explotaci\u00f3, de dominaci\u00f3 i de discriminaci\u00f3. Una revoluci\u00f3 que significaria, aix\u00ed mateix, la cerca permanent de l&#8217;emancipaci\u00f3 i de l&rsquo;autodeterminaci\u00f3 individual i col\u00b7lectiva.<\/p>\n","protected":false},"excerpt":{"rendered":"<p>Aquest bloc va n\u00e9ixer el gener del 2013. T\u00e9 per objectiu proposar i acollir material de propaganda ; en aquest cas, cartells i pegatines amb la finalitat de participar a la propagaci\u00f3 de teories i pr\u00e0ctiques d&rsquo;influ\u00e8ncia antiautorit\u00e0ria (aut\u00f2nomes, anarquistes i comunistes) aixi com a la difusi\u00f3 de les lluites en que estan implicades les &hellip; <\/p>\n<p class=\"link-more\"><a href=\"https:\/\/propagande.noblogs.org\/?page_id=651\" class=\"more-link\">Continuer la lecture<span class=\"screen-reader-text\"> de &laquo;&nbsp;[cat] Presentaci\u00f3&nbsp;&raquo;<\/span><\/a><\/p>\n","protected":false},"author":6250,"featured_media":0,"parent":611,"menu_order":1,"comment_status":"open","ping_status":"closed","template":"","meta":{"footnotes":""},"class_list":["post-651","page","type-page","status-publish","hentry"],"_links":{"self":[{"href":"https:\/\/propagande.noblogs.org\/index.php?rest_route=\/wp\/v2\/pages\/651","targetHints":{"allow":["GET"]}}],"collection":[{"href":"https:\/\/propagande.noblogs.org\/index.php?rest_route=\/wp\/v2\/pages"}],"about":[{"href":"https:\/\/propagande.noblogs.org\/index.php?rest_route=\/wp\/v2\/types\/page"}],"author":[{"embeddable":true,"href":"https:\/\/propagande.noblogs.org\/index.php?rest_route=\/wp\/v2\/users\/6250"}],"replies":[{"embeddable":true,"href":"https:\/\/propagande.noblogs.org\/index.php?rest_route=%2Fwp%2Fv2%2Fcomments&post=651"}],"version-history":[{"count":1,"href":"https:\/\/propagande.noblogs.org\/index.php?rest_route=\/wp\/v2\/pages\/651\/revisions"}],"predecessor-version":[{"id":652,"href":"https:\/\/propagande.noblogs.org\/index.php?rest_route=\/wp\/v2\/pages\/651\/revisions\/652"}],"up":[{"embeddable":true,"href":"https:\/\/propagande.noblogs.org\/index.php?rest_route=\/wp\/v2\/pages\/611"}],"wp:attachment":[{"href":"https:\/\/propagande.noblogs.org\/index.php?rest_route=%2Fwp%2Fv2%2Fmedia&parent=651"}],"curies":[{"name":"wp","href":"https:\/\/api.w.org\/{rel}","templated":true}]}}