{"id":592,"date":"2014-06-30T15:15:31","date_gmt":"2014-06-30T13:15:31","guid":{"rendered":"http:\/\/propagande.noblogs.org\/?page_id=592"},"modified":"2017-06-09T01:55:19","modified_gmt":"2017-06-08T23:55:19","slug":"probleme-daffichage","status":"publish","type":"page","link":"https:\/\/propagande.noblogs.org\/?page_id=592","title":{"rendered":"Probl\u00e8me d&rsquo;affichage ?"},"content":{"rendered":"<p>Il se peut que l&rsquo;affichage de certains visuels en PDF ne se fasse pas correctement lorsque tu les visualises dans ton navigateur. Pour rem\u00e9dier \u00e0 \u00e7a, il faut que tu t\u00e9l\u00e9charges le fichier et que tu le visualises avec ton lecteur de PDF habituel.<\/p>\n","protected":false},"excerpt":{"rendered":"<p>Il se peut que l&rsquo;affichage de certains visuels en PDF ne se fasse pas correctement lorsque tu les visualises dans ton navigateur. Pour rem\u00e9dier \u00e0 \u00e7a, il faut que tu t\u00e9l\u00e9charges le fichier et que tu le visualises avec ton lecteur de PDF habituel.<\/p>\n","protected":false},"author":6250,"featured_media":0,"parent":0,"menu_order":0,"comment_status":"closed","ping_status":"closed","template":"","meta":{"footnotes":""},"class_list":["post-592","page","type-page","status-publish","hentry"],"_links":{"self":[{"href":"https:\/\/propagande.noblogs.org\/index.php?rest_route=\/wp\/v2\/pages\/592","targetHints":{"allow":["GET"]}}],"collection":[{"href":"https:\/\/propagande.noblogs.org\/index.php?rest_route=\/wp\/v2\/pages"}],"about":[{"href":"https:\/\/propagande.noblogs.org\/index.php?rest_route=\/wp\/v2\/types\/page"}],"author":[{"embeddable":true,"href":"https:\/\/propagande.noblogs.org\/index.php?rest_route=\/wp\/v2\/users\/6250"}],"replies":[{"embeddable":true,"href":"https:\/\/propagande.noblogs.org\/index.php?rest_route=%2Fwp%2Fv2%2Fcomments&post=592"}],"version-history":[{"count":2,"href":"https:\/\/propagande.noblogs.org\/index.php?rest_route=\/wp\/v2\/pages\/592\/revisions"}],"predecessor-version":[{"id":606,"href":"https:\/\/propagande.noblogs.org\/index.php?rest_route=\/wp\/v2\/pages\/592\/revisions\/606"}],"wp:attachment":[{"href":"https:\/\/propagande.noblogs.org\/index.php?rest_route=%2Fwp%2Fv2%2Fmedia&parent=592"}],"curies":[{"name":"wp","href":"https:\/\/api.w.org\/{rel}","templated":true}]}}