{"id":2,"date":"2013-01-12T17:58:42","date_gmt":"2013-01-12T16:58:42","guid":{"rendered":"http:\/\/propagande.noblogs.org\/?page_id=2"},"modified":"2017-06-08T01:11:38","modified_gmt":"2017-06-07T23:11:38","slug":"sample-page","status":"publish","type":"page","link":"https:\/\/propagande.noblogs.org\/?page_id=2","title":{"rendered":"Quelques liens"},"content":{"rendered":"<p><a href=\"https:\/\/antitht.noblogs.org\" target=\"_blank\" rel=\"noopener noreferrer\">Assembl\u00e9e anti-THT<\/a><br \/>\n<a href=\"http:\/\/vmc.camp\/\" target=\"_blank\" rel=\"noopener noreferrer\">Plus Bure sera leur chute&#8230; Lutte contre le projet d&rsquo;enfouissement de d\u00e9chets nucl\u00e9aires<\/a><br \/>\n<a href=\"https:\/\/notavfrance.noblogs.org\/\" target=\"_blank\" rel=\"noopener noreferrer\">NO TAV France<\/a><br \/>\n<a href=\"http:\/\/zad.nadir.org\" target=\"_blank\" rel=\"noopener noreferrer\">Zone \u00c0 D\u00e9fendre<\/a><br \/>\n<a href=\"http:\/\/mediaslibres.org\/\" target=\"_blank\" rel=\"noopener noreferrer\">M\u00e9dias libres<\/a><br \/>\n<a href=\"http:\/\/www.indymedia.org\" target=\"_blank\" rel=\"noopener noreferrer\">Indymedia<\/a><br \/>\n<a href=\"http:\/\/www.zite.fr\" target=\"_blank\" rel=\"noopener noreferrer\">Z<\/a><br \/>\n<a href=\"https:\/\/exploitesenerves.noblogs.org\/\" target=\"_blank\" rel=\"noopener noreferrer\">Exploit\u00e9s \u00c9nerv\u00e9s &#8211; Collectif de travailleurs, pr\u00e9caires et ch\u00f4meurs sur Al\u00e8s et environs<\/a><br \/>\n<a href=\"http:\/\/lenvolee.net\/\" target=\"_blank\" rel=\"noopener noreferrer\">L&rsquo;envol\u00e9e | Pour en finir avec toutes les prisons<\/a><br \/>\n<a href=\"https:\/\/infokiosques.net\/\" target=\"_blank\" rel=\"noopener noreferrer\">[infokiosques.net]<\/a><br \/>\n<a href=\"http:\/\/femmesenlutte93.over-blog.com\/\" target=\"_blank\" rel=\"noopener noreferrer\">Femmes en Lutte 93 &#8211; Collectif f\u00e9ministe du 93<\/a><br \/>\n<a href=\"http:\/\/feministesrevolutionnaires.org\/\" target=\"_blank\" rel=\"noopener noreferrer\">* F\u00c9MINISTES R\u00c9VOLUTIONNAIRES *<\/a><br \/>\n<a href=\"https:\/\/mwasicollectif.com\/\" target=\"_blank\" rel=\"noopener noreferrer\">Mwasi | Collectif Afrof\u00e9ministe<\/a><br \/>\n<a href=\"https:\/\/juivesetjuifsrevolutionnaires.wordpress.com\/\" target=\"_blank\" rel=\"noopener noreferrer\">Juives et Juifs r\u00e9volutionnaires<\/a><br \/>\n<a href=\"http:\/\/oclibertaire.lautre.net\/\" target=\"_blank\" rel=\"noopener noreferrer\">OCL &#8211; Organisation Communiste Libertaire<\/a><br \/>\n\u00b7<br \/>\n<a href=\"http:\/\/www.toile-libre.org\/\" target=\"_blank\" rel=\"noopener noreferrer\">Toile Libre<\/a><br \/>\n<a href=\"http:\/\/noblogs.org\" target=\"_blank\" rel=\"noopener noreferrer\">Noblogs.org<\/a><br \/>\n<a href=\"http:\/\/riseup.net\" target=\"_blank\" rel=\"noopener noreferrer\">riseup.net<\/a><br \/>\n<a href=\"http:\/\/www.boum.org\" target=\"_blank\" rel=\"noopener noreferrer\">boum.org<\/a><br \/>\n<a href=\"http:\/\/tails.boum.org\" target=\"_blank\" rel=\"noopener noreferrer\">Tails<\/a><br \/>\n<a href=\"https:\/\/blackblogs.org\/\" target=\"_blank\" rel=\"noopener noreferrer\">blackblogs.org<\/a><br \/>\n\u00b7<br \/>\n<a href=\"https:\/\/affiches.noblogs.org\/\" target=\"_blank\" rel=\"noopener noreferrer\">affiches.noblogs.org &#8211; site de partage d&rsquo;affiches, stickers et pochoirs de luttes<\/a><br \/>\n<a href=\"http:\/\/politischesplakat.blogsport.de\" target=\"_blank\" rel=\"noopener noreferrer\">Das Politische Plakat<\/a><br \/>\n<a href=\"http:\/\/fuckyeahanarchistposters.tumblr.com\/\" target=\"_blank\" rel=\"noopener noreferrer\">Fuck Yeah Anarchist Posters<\/a><br \/>\n<a href=\"http:\/\/lideeestdanslarue.tumblr.com\/\" target=\"_blank\" rel=\"noopener noreferrer\">L&rsquo;id\u00e9e est dans la rue<\/a><br \/>\n<a href=\"http:\/\/imaginaction.over-blog.org\/\" target=\"_blank\" rel=\"noopener noreferrer\">Mai 68 &#8211; Mai 08<\/a><br \/>\n<a href=\"http:\/\/radicalactivismvisualarchive.wordpress.com\/\" target=\"_blank\" rel=\"noopener noreferrer\">radical activism visual archive<\/a><br \/>\n<a href=\"http:\/\/placard.ficedl.info\/\" target=\"_blank\" rel=\"noopener noreferrer\">Site international d\u2019affiches anarchistes<\/a><br \/>\n<a href=\"http:\/\/anarchistposters.tumblr.com\/\" target=\"_blank\" rel=\"noopener noreferrer\">WHEATPASTE FOR THE REVOLUTION<\/a><br \/>\n<a href=\"http:\/\/zero.samizdat.net\/\" target=\"_blank\" rel=\"noopener noreferrer\">z\u00e9ro+z\u00e9ro | Nos t\u00eates contre vos murs<\/a><br \/>\n<a href=\"http:\/\/jointheuproar.com\/\" target=\"_blank\" rel=\"noopener noreferrer\">jointheupRoar.com<\/a><br \/>\n<a href=\"http:\/\/www.larage.org\/fr\/home\" target=\"_blank\" rel=\"noopener noreferrer\">La Rage &#8211; Affiches f\u00e9ministes libres de droits du monde entier !<\/a><\/p>\n","protected":false},"excerpt":{"rendered":"<p>Assembl\u00e9e anti-THT Plus Bure sera leur chute&#8230; Lutte contre le projet d&rsquo;enfouissement de d\u00e9chets nucl\u00e9aires NO TAV France Zone \u00c0 D\u00e9fendre M\u00e9dias libres Indymedia Z Exploit\u00e9s \u00c9nerv\u00e9s &#8211; Collectif de travailleurs, pr\u00e9caires et ch\u00f4meurs sur Al\u00e8s et environs L&rsquo;envol\u00e9e | Pour en finir avec toutes les prisons [infokiosques.net] Femmes en Lutte 93 &#8211; Collectif f\u00e9ministe &hellip; <\/p>\n<p class=\"link-more\"><a href=\"https:\/\/propagande.noblogs.org\/?page_id=2\" class=\"more-link\">Continuer la lecture<span class=\"screen-reader-text\"> de &laquo;&nbsp;Quelques liens&nbsp;&raquo;<\/span><\/a><\/p>\n","protected":false},"author":6250,"featured_media":0,"parent":0,"menu_order":0,"comment_status":"open","ping_status":"closed","template":"","meta":{"footnotes":""},"class_list":["post-2","page","type-page","status-publish","hentry"],"_links":{"self":[{"href":"https:\/\/propagande.noblogs.org\/index.php?rest_route=\/wp\/v2\/pages\/2","targetHints":{"allow":["GET"]}}],"collection":[{"href":"https:\/\/propagande.noblogs.org\/index.php?rest_route=\/wp\/v2\/pages"}],"about":[{"href":"https:\/\/propagande.noblogs.org\/index.php?rest_route=\/wp\/v2\/types\/page"}],"author":[{"embeddable":true,"href":"https:\/\/propagande.noblogs.org\/index.php?rest_route=\/wp\/v2\/users\/6250"}],"replies":[{"embeddable":true,"href":"https:\/\/propagande.noblogs.org\/index.php?rest_route=%2Fwp%2Fv2%2Fcomments&post=2"}],"version-history":[{"count":15,"href":"https:\/\/propagande.noblogs.org\/index.php?rest_route=\/wp\/v2\/pages\/2\/revisions"}],"predecessor-version":[{"id":897,"href":"https:\/\/propagande.noblogs.org\/index.php?rest_route=\/wp\/v2\/pages\/2\/revisions\/897"}],"wp:attachment":[{"href":"https:\/\/propagande.noblogs.org\/index.php?rest_route=%2Fwp%2Fv2%2Fmedia&parent=2"}],"curies":[{"name":"wp","href":"https:\/\/api.w.org\/{rel}","templated":true}]}}